{"id":2051,"date":"2024-02-12T18:25:25","date_gmt":"2024-02-12T18:25:25","guid":{"rendered":"https:\/\/www.lespionniers.ch\/?page_id=2051"},"modified":"2024-02-12T18:29:41","modified_gmt":"2024-02-12T18:29:41","slug":"home","status":"publish","type":"page","link":"https:\/\/www.lespionniers.ch\/","title":{"rendered":"Home"},"content":{"rendered":"\t\t<div data-elementor-type=\"wp-page\" data-elementor-id=\"2051\" class=\"elementor elementor-2051\">\n\t\t\t\t\t\t<section class=\"elementor-section elementor-top-section elementor-element elementor-element-799dbf7 elementor-section-boxed elementor-section-height-default elementor-section-height-default\" data-id=\"799dbf7\" data-element_type=\"section\">\n\t\t\t\t\t\t<div class=\"elementor-container elementor-column-gap-default\">\n\t\t\t\t\t<div class=\"aux-parallax-section elementor-column elementor-col-100 elementor-top-column elementor-element elementor-element-2401951\" data-id=\"2401951\" data-element_type=\"column\">\n\t\t\t<div class=\"elementor-widget-wrap elementor-element-populated\">\n\t\t\t\t\t\t<div class=\"elementor-element elementor-element-bba9ba5 elementor-widget elementor-widget-aux_recent_posts\" data-id=\"bba9ba5\" data-element_type=\"widget\" data-settings=\"{&quot;columns&quot;:&quot;3&quot;,&quot;columns_tablet&quot;:&quot;inherit&quot;,&quot;columns_mobile&quot;:&quot;1&quot;}\" data-widget_type=\"aux_recent_posts.default\">\n\t\t\t\t<div class=\"elementor-widget-container\">\n\t\t\t<script>auxinNS(\"auxin.content.loadmore.au4f283420\"); auxin.content.loadmore.au4f283420={\"nonce\":\"0c2f3dcbbc\",\"args\":{\"title\":\"\",\"subtitle\":\"\",\"cat\":[\" \"],\"num\":6,\"only_posts__in\":\"\",\"include\":\"\",\"exclude\":\"\",\"offset\":\"\",\"paged\":\"\",\"post_type\":\"post\",\"taxonomy_name\":\"category\",\"order_by\":\"date\",\"order\":\"DESC\",\"exclude_without_media\":\"no\",\"exclude_custom_post_formats\":\"no\",\"exclude_quote_link\":null,\"include_post_formats_in\":\"\",\"exclude_post_formats_in\":[],\"size\":\"\",\"display_title\":\"yes\",\"words_num\":\"\",\"show_media\":\"yes\",\"display_like\":\"yes\",\"display_comments\":\"yes\",\"display_categories\":null,\"max_taxonomy_num\":null,\"show_badge\":\"no\",\"content_layout\":\"default\",\"excerpt_len\":\"160\",\"show_excerpt\":\"yes\",\"show_content\":\"yes\",\"show_info\":\"\",\"show_format_icon\":\"no\",\"show_date\":null,\"ignore_formats\":\"no\",\"post_info_position\":null,\"author_or_readmore\":\"readmore\",\"image_aspect_ratio\":\"0.75\",\"meta_info_position\":\"after-content\",\"desktop_cnum\":\"3\",\"tablet_cnum\":\"inherit\",\"phone_cnum\":\"1\",\"preview_mode\":\"grid\",\"grid_table_hover\":\"bgimage-bgcolor\",\"tag\":\"\",\"display_author_footer\":null,\"display_author_header\":\"yes\",\"preloadable\":\"no\",\"preload_preview\":null,\"preload_bgcolor\":null,\"extra_classes\":\"\",\"extra_column_classes\":\"\",\"custom_el_id\":\"\",\"carousel_space\":null,\"carousel_autoplay\":null,\"carousel_autoplay_delay\":null,\"carousel_navigation\":null,\"carousel_navigation_control\":null,\"carousel_nav_control_pos\":null,\"carousel_nav_control_skin\":null,\"carousel_loop\":null,\"request_from\":\"\",\"template_part_file\":\"theme-parts\\\/entry\\\/post-column\",\"extra_template_path\":\"\",\"universal_id\":\"au4f283420\",\"reset_query\":true,\"wp_query_args\":[],\"custom_wp_query\":\"\",\"loadmore_type\":\"next\",\"loadmore_per_page\":6,\"content\":null,\"skip_wrappers\":true,\"content_width\":1000,\"inview_transition\":\"none\",\"inview_duration\":\"\",\"inview_delay\":\"\",\"inview_repeat\":\"no\",\"inview_offset\":\"\",\"called_from\":\"\"},\"handler\":\"aux_recent_posts\",\"per_page\":6};<\/script><section class=\"widget-container aux-ajax-type-next aux-widget-recent-posts aux-parent-au4f283420\"><div data-element-id=\"au4f283420\" class=\"aux-match-height aux-row aux-de-col3 aux-tb-col3 aux-mb-col1 aux-total-6 aux-ajax-view  \"><div class=\"aux-col aux-ajax-item post-2139\">\n                        <article class=\"post column-entry post-2139 type-post status-publish format-standard hentry category-uncategorized\">\n                                                        <div class=\"entry-media\"><div class=\"aux-media-frame aux-media-image aux-image-mask\"><a href=\"https:\/\/www.lespionniers.ch\/index.php\/2025\/02\/02\/ionnats-romands-2025-aux-diableretschampion\/\"><img fetchpriority=\"high\" decoding=\"async\" width=\"1024\" height=\"1024\" src=\"http:\/\/www.lespionniers.ch\/wp-content\/uploads\/2025\/02\/CHRom-relais-Les-Diablerets_020225-1024x1024.jpg\" alt=\"\" srcset=\"https:\/\/www.lespionniers.ch\/wp-content\/uploads\/2025\/02\/CHRom-relais-Les-Diablerets_020225-1024x1024.jpg 1024w, https:\/\/www.lespionniers.ch\/wp-content\/uploads\/2025\/02\/CHRom-relais-Les-Diablerets_020225-300x300.jpg 300w, https:\/\/www.lespionniers.ch\/wp-content\/uploads\/2025\/02\/CHRom-relais-Les-Diablerets_020225-150x150.jpg 150w, https:\/\/www.lespionniers.ch\/wp-content\/uploads\/2025\/02\/CHRom-relais-Les-Diablerets_020225-768x768.jpg 768w\" sizes=\"(max-width: 1024px) 100vw, 1024px\" \/><\/a><\/div><\/div>\n                            \n                            <div class=\"entry-main\">\n                                                        \n                                <header class=\"entry-header\">\n                                \n                                    <h4 class=\"entry-title\">\n                                        <a href=\"https:\/\/www.lespionniers.ch\/index.php\/2025\/02\/02\/ionnats-romands-2025-aux-diableretschampion\/\">\n                                            Championnats romands 2025 aux Diablerets                                        <\/a>\n                                    <\/h4>\n                                                                    <div class=\"entry-format\">\n                                        <a href=\"https:\/\/www.lespionniers.ch\/index.php\/2025\/02\/02\/ionnats-romands-2025-aux-diableretschampion\/\">\n                                            <div class=\"post-format format-\"> <\/div>\n                                        <\/a>\n                                    <\/div>\n                                <\/header>\n                            \n                                                            <div class=\"entry-content\">\n                                                                            <p>Les Diablerets- Samedi 1er et dimanche 2 f\u00e9vrier 2025\nUn relais exceptionnel pour Arnaud et Maxime qui d\u00e9crochent le bronze. BRAVO les gars !\nLa veille Maxime e ...<\/p><div class=\"clear\"><\/div>                                <\/div>\n                                                                                        <footer class=\"entry-meta aux-after-content\">\n                                                                        <div class=\"readmore\">\n                                        <a href=\"https:\/\/www.lespionniers.ch\/index.php\/2025\/02\/02\/ionnats-romands-2025-aux-diableretschampion\/\" class=\"aux-read-more\"><span class=\"aux-read-more-text\">Read More<\/span><\/a>\n                                    <\/div>\n                                                                    <\/footer>\n                            \n                            <\/div>\n\n                        <\/article>\n<\/div><div class=\"aux-col aux-ajax-item post-2129\">\n                        <article class=\"post column-entry post-2129 type-post status-publish format-standard hentry category-uncategorized\">\n                                                        <div class=\"entry-media\"><div class=\"aux-media-frame aux-media-image aux-image-mask\"><a href=\"https:\/\/www.lespionniers.ch\/index.php\/2025\/02\/02\/hnt-2-kandersteg-3-poduims-pour-les-pionniers\/\"><img decoding=\"async\" width=\"1024\" height=\"1024\" src=\"http:\/\/www.lespionniers.ch\/wp-content\/uploads\/2025\/02\/BliblaBlo-Les-Crosets_250125-1024x1024.jpg\" alt=\"\" srcset=\"https:\/\/www.lespionniers.ch\/wp-content\/uploads\/2025\/02\/BliblaBlo-Les-Crosets_250125-1024x1024.jpg 1024w, https:\/\/www.lespionniers.ch\/wp-content\/uploads\/2025\/02\/BliblaBlo-Les-Crosets_250125-300x300.jpg 300w, https:\/\/www.lespionniers.ch\/wp-content\/uploads\/2025\/02\/BliblaBlo-Les-Crosets_250125-150x150.jpg 150w, https:\/\/www.lespionniers.ch\/wp-content\/uploads\/2025\/02\/BliblaBlo-Les-Crosets_250125-768x768.jpg 768w\" sizes=\"(max-width: 1024px) 100vw, 1024px\" \/><\/a><\/div><\/div>\n                            \n                            <div class=\"entry-main\">\n                                                        \n                                <header class=\"entry-header\">\n                                \n                                    <h4 class=\"entry-title\">\n                                        <a href=\"https:\/\/www.lespionniers.ch\/index.php\/2025\/02\/02\/hnt-2-kandersteg-3-poduims-pour-les-pionniers\/\">\n                                            BliBlaBLo aux Crosets                                        <\/a>\n                                    <\/h4>\n                                                                    <div class=\"entry-format\">\n                                        <a href=\"https:\/\/www.lespionniers.ch\/index.php\/2025\/02\/02\/hnt-2-kandersteg-3-poduims-pour-les-pionniers\/\">\n                                            <div class=\"post-format format-\"> <\/div>\n                                        <\/a>\n                                    <\/div>\n                                <\/header>\n                            \n                                                            <div class=\"entry-content\">\n                                                                            <p>Les Crosets - Samedi 25 janvier 2025Les jeunes Pionniers se sont \u00e9clat\u00e9s sur la piste particuli\u00e8re au-dessus des Crosets pour la 2\u00e8me \u00e9tape du BliBlaBlo. La pro ...<\/p><div class=\"clear\"><\/div>                                <\/div>\n                                                                                        <footer class=\"entry-meta aux-after-content\">\n                                                                        <div class=\"readmore\">\n                                        <a href=\"https:\/\/www.lespionniers.ch\/index.php\/2025\/02\/02\/hnt-2-kandersteg-3-poduims-pour-les-pionniers\/\" class=\"aux-read-more\"><span class=\"aux-read-more-text\">Read More<\/span><\/a>\n                                    <\/div>\n                                                                    <\/footer>\n                            \n                            <\/div>\n\n                        <\/article>\n<\/div><div class=\"aux-col aux-ajax-item post-2115\">\n                        <article class=\"post column-entry post-2115 type-post status-publish format-standard hentry category-uncategorized\">\n                                                        <div class=\"entry-media\"><div class=\"aux-media-frame aux-media-image aux-image-mask\"><a href=\"https:\/\/www.lespionniers.ch\/index.php\/2025\/01\/25\/hnt-2-kandersteg-3-poduims-pour-les-pionnierw\/\"><img decoding=\"async\" width=\"1024\" height=\"1024\" src=\"http:\/\/www.lespionniers.ch\/wp-content\/uploads\/2025\/01\/Podiums-HNT-2-Kandersteg-2025-1024x1024.jpg\" alt=\"\" srcset=\"https:\/\/www.lespionniers.ch\/wp-content\/uploads\/2025\/01\/Podiums-HNT-2-Kandersteg-2025-1024x1024.jpg 1024w, https:\/\/www.lespionniers.ch\/wp-content\/uploads\/2025\/01\/Podiums-HNT-2-Kandersteg-2025-300x300.jpg 300w, https:\/\/www.lespionniers.ch\/wp-content\/uploads\/2025\/01\/Podiums-HNT-2-Kandersteg-2025-150x150.jpg 150w, https:\/\/www.lespionniers.ch\/wp-content\/uploads\/2025\/01\/Podiums-HNT-2-Kandersteg-2025-768x768.jpg 768w\" sizes=\"(max-width: 1024px) 100vw, 1024px\" \/><\/a><\/div><\/div>\n                            \n                            <div class=\"entry-main\">\n                                                        \n                                <header class=\"entry-header\">\n                                \n                                    <h4 class=\"entry-title\">\n                                        <a href=\"https:\/\/www.lespionniers.ch\/index.php\/2025\/01\/25\/hnt-2-kandersteg-3-poduims-pour-les-pionnierw\/\">\n                                            HNT 2 Kandersteg : 3 podiums pour les Pionniers                                        <\/a>\n                                    <\/h4>\n                                                                    <div class=\"entry-format\">\n                                        <a href=\"https:\/\/www.lespionniers.ch\/index.php\/2025\/01\/25\/hnt-2-kandersteg-3-poduims-pour-les-pionnierw\/\">\n                                            <div class=\"post-format format-\"> <\/div>\n                                        <\/a>\n                                    <\/div>\n                                <\/header>\n                            \n                                                            <div class=\"entry-content\">\n                                                                            <p>Kandersteg - Samedi 18 janvier 2025Bravo \u00e0 Rose, Elsa et Maxime qui montent sur la bo\u00eete lors de la 2\u00e8me course nationale !L\u2019Oberland bernois a souri aux jeunes ...<\/p><div class=\"clear\"><\/div>                                <\/div>\n                                                                                        <footer class=\"entry-meta aux-after-content\">\n                                                                        <div class=\"readmore\">\n                                        <a href=\"https:\/\/www.lespionniers.ch\/index.php\/2025\/01\/25\/hnt-2-kandersteg-3-poduims-pour-les-pionnierw\/\" class=\"aux-read-more\"><span class=\"aux-read-more-text\">Read More<\/span><\/a>\n                                    <\/div>\n                                                                    <\/footer>\n                            \n                            <\/div>\n\n                        <\/article>\n<\/div><div class=\"aux-col aux-ajax-item post-2104\">\n                        <article class=\"post column-entry post-2104 type-post status-publish format-standard hentry category-uncategorized\">\n                                                        <div class=\"entry-media\"><div class=\"aux-media-frame aux-media-image aux-image-mask\"><a href=\"https:\/\/www.lespionniers.ch\/index.php\/2025\/01\/13\/trophee-bliblablo-nordix-2025-debute-a-ovronnaz\/\"><img loading=\"lazy\" decoding=\"async\" width=\"1024\" height=\"1024\" src=\"http:\/\/www.lespionniers.ch\/wp-content\/uploads\/2025\/01\/Ovronnaz2025-1024x1024.jpg\" alt=\"\" srcset=\"https:\/\/www.lespionniers.ch\/wp-content\/uploads\/2025\/01\/Ovronnaz2025-1024x1024.jpg 1024w, https:\/\/www.lespionniers.ch\/wp-content\/uploads\/2025\/01\/Ovronnaz2025-300x300.jpg 300w, https:\/\/www.lespionniers.ch\/wp-content\/uploads\/2025\/01\/Ovronnaz2025-150x150.jpg 150w, https:\/\/www.lespionniers.ch\/wp-content\/uploads\/2025\/01\/Ovronnaz2025-768x768.jpg 768w\" sizes=\"(max-width: 1024px) 100vw, 1024px\" \/><\/a><\/div><\/div>\n                            \n                            <div class=\"entry-main\">\n                                                        \n                                <header class=\"entry-header\">\n                                \n                                    <h4 class=\"entry-title\">\n                                        <a href=\"https:\/\/www.lespionniers.ch\/index.php\/2025\/01\/13\/trophee-bliblablo-nordix-2025-debute-a-ovronnaz\/\">\n                                            Troph\u00e9e BliBlaBlo 2025 : d\u00e9but en fanfare pour les Pionniers \u00e0 Ovronnaz                                        <\/a>\n                                    <\/h4>\n                                                                    <div class=\"entry-format\">\n                                        <a href=\"https:\/\/www.lespionniers.ch\/index.php\/2025\/01\/13\/trophee-bliblablo-nordix-2025-debute-a-ovronnaz\/\">\n                                            <div class=\"post-format format-\"> <\/div>\n                                        <\/a>\n                                    <\/div>\n                                <\/header>\n                            \n                                                            <div class=\"entry-content\">\n                                                                            <p>Ovronnaz - Samedi 11 janvier 2025D\u00e9but en fanfare pour les jeunes Pionniers du Val d\u2019H\u00e9rens sur l\u2019exigeante piste d\u2019Ovronnaz et pour la premi\u00e8re fois en style c ...<\/p><div class=\"clear\"><\/div>                                <\/div>\n                                                                                        <footer class=\"entry-meta aux-after-content\">\n                                                                        <div class=\"readmore\">\n                                        <a href=\"https:\/\/www.lespionniers.ch\/index.php\/2025\/01\/13\/trophee-bliblablo-nordix-2025-debute-a-ovronnaz\/\" class=\"aux-read-more\"><span class=\"aux-read-more-text\">Read More<\/span><\/a>\n                                    <\/div>\n                                                                    <\/footer>\n                            \n                            <\/div>\n\n                        <\/article>\n<\/div><div class=\"aux-col aux-ajax-item post-2073\">\n                        <article class=\"post column-entry post-2073 type-post status-publish format-standard hentry category-uncategorized\">\n                                                        <div class=\"entry-media\"><div class=\"aux-media-frame aux-media-image aux-image-mask\"><a href=\"https:\/\/www.lespionniers.ch\/index.php\/2024\/02\/26\/bliblablo-nordix-trophy-des-pionniers-en-vue-lors-de-la-3eme-etape\/\"><img loading=\"lazy\" decoding=\"async\" width=\"1024\" height=\"1024\" src=\"http:\/\/www.lespionniers.ch\/wp-content\/uploads\/2024\/02\/PXL_20240224_130122533.PORTRAIT.ORIGINAL-1024x1024.jpg\" alt=\"\" srcset=\"https:\/\/www.lespionniers.ch\/wp-content\/uploads\/2024\/02\/PXL_20240224_130122533.PORTRAIT.ORIGINAL-1024x1024.jpg 1024w, https:\/\/www.lespionniers.ch\/wp-content\/uploads\/2024\/02\/PXL_20240224_130122533.PORTRAIT.ORIGINAL-300x300.jpg 300w, https:\/\/www.lespionniers.ch\/wp-content\/uploads\/2024\/02\/PXL_20240224_130122533.PORTRAIT.ORIGINAL-150x150.jpg 150w, https:\/\/www.lespionniers.ch\/wp-content\/uploads\/2024\/02\/PXL_20240224_130122533.PORTRAIT.ORIGINAL-768x768.jpg 768w\" sizes=\"(max-width: 1024px) 100vw, 1024px\" \/><\/a><\/div><\/div>\n                            \n                            <div class=\"entry-main\">\n                                                        \n                                <header class=\"entry-header\">\n                                \n                                    <h4 class=\"entry-title\">\n                                        <a href=\"https:\/\/www.lespionniers.ch\/index.php\/2024\/02\/26\/bliblablo-nordix-trophy-des-pionniers-en-vue-lors-de-la-3eme-etape\/\">\n                                            BliBlaBlo Nordix Trophy : des Pionniers en vue lors de la 3\u00e8me \u00e9tape                                        <\/a>\n                                    <\/h4>\n                                                                    <div class=\"entry-format\">\n                                        <a href=\"https:\/\/www.lespionniers.ch\/index.php\/2024\/02\/26\/bliblablo-nordix-trophy-des-pionniers-en-vue-lors-de-la-3eme-etape\/\">\n                                            <div class=\"post-format format-\"> <\/div>\n                                        <\/a>\n                                    <\/div>\n                                <\/header>\n                            \n                                                            <div class=\"entry-content\">\n                                                                            <p>Pralong (Val d'H\u00e9rens) - Samedi 24 f\u00e9vier 2024\nL'\u00e9tape de la BliBlaBlo Nordix Trophy d\u00e9plac\u00e9e \u00e0 Pralong dans le Val d'H\u00e9rens \u00e0 cause du manque de neige sur le s ...<\/p><div class=\"clear\"><\/div>                                <\/div>\n                                                                                        <footer class=\"entry-meta aux-after-content\">\n                                                                        <div class=\"readmore\">\n                                        <a href=\"https:\/\/www.lespionniers.ch\/index.php\/2024\/02\/26\/bliblablo-nordix-trophy-des-pionniers-en-vue-lors-de-la-3eme-etape\/\" class=\"aux-read-more\"><span class=\"aux-read-more-text\">Read More<\/span><\/a>\n                                    <\/div>\n                                                                    <\/footer>\n                            \n                            <\/div>\n\n                        <\/article>\n<\/div><div class=\"aux-col aux-ajax-item post-2069\">\n                        <article class=\"post column-entry post-2069 type-post status-publish format-standard has-post-thumbnail hentry category-uncategorized\">\n                                                        <div class=\"entry-media\"><div class=\"aux-media-frame aux-media-image aux-image-mask\"><a href=\"https:\/\/www.lespionniers.ch\/index.php\/2024\/02\/18\/championnats-suisses-u16-maxime-monte-sur-la-3eme-marche-du-podium\/\"><img decoding=\"async\" src=\"https:\/\/www.lespionniers.ch\/wp-content\/uploads\/2024\/02\/PXL_20240217_124027976.MP1_-scaled.jpg\" class=\"aux-attachment aux-featured-image attachment-303.33333333333x227.5 aux-attachment-id-2070 \" alt=\"PXL_20240217_124027976.MP1_\" srcset=\"https:\/\/www.lespionniers.ch\/wp-content\/uploads\/2024\/02\/PXL_20240217_124027976.MP1_-scaled-150x113.jpg 150w,https:\/\/www.lespionniers.ch\/wp-content\/uploads\/2024\/02\/PXL_20240217_124027976.MP1_-scaled-300x225.jpg 300w,https:\/\/www.lespionniers.ch\/wp-content\/uploads\/2024\/02\/PXL_20240217_124027976.MP1_-scaled-768x576.jpg 768w,https:\/\/www.lespionniers.ch\/wp-content\/uploads\/2024\/02\/PXL_20240217_124027976.MP1_-scaled-1024x768.jpg 1024w,https:\/\/www.lespionniers.ch\/wp-content\/uploads\/2024\/02\/PXL_20240217_124027976.MP1_-scaled.jpg 303w,https:\/\/www.lespionniers.ch\/wp-content\/uploads\/2024\/02\/PXL_20240217_124027976.MP1_-scaled-1910x1432.jpg 1910w\" data-ratio=\"1.33\" data-original-w=\"1920\" sizes=\"(max-width:479px) 480px,(max-width:767px) 768px,(max-width:1023px) 1024px,303px\" \/><\/a><\/div><\/div>\n                            \n                            <div class=\"entry-main\">\n                                                        \n                                <header class=\"entry-header\">\n                                \n                                    <h4 class=\"entry-title\">\n                                        <a href=\"https:\/\/www.lespionniers.ch\/index.php\/2024\/02\/18\/championnats-suisses-u16-maxime-monte-sur-la-3eme-marche-du-podium\/\">\n                                            Championnats suisses U16 : Maxime monte sur la 3\u00e8me marche du podium                                        <\/a>\n                                    <\/h4>\n                                                                    <div class=\"entry-format\">\n                                        <a href=\"https:\/\/www.lespionniers.ch\/index.php\/2024\/02\/18\/championnats-suisses-u16-maxime-monte-sur-la-3eme-marche-du-podium\/\">\n                                            <div class=\"post-format format-\"> <\/div>\n                                        <\/a>\n                                    <\/div>\n                                <\/header>\n                            \n                                                            <div class=\"entry-content\">\n                                                                            <p>\n\n\n\n\nSamedi 17 et dimanche 18 f\u00e9vrier 2024\n\n\n\nA Realp, Maxime Jacquemettaz r\u00e9alise une excellente performance lors de l'individuel classique en finissant 3\u00e8me.  ...<\/p><div class=\"clear\"><\/div>                                <\/div>\n                                                                                        <footer class=\"entry-meta aux-after-content\">\n                                                                        <div class=\"readmore\">\n                                        <a href=\"https:\/\/www.lespionniers.ch\/index.php\/2024\/02\/18\/championnats-suisses-u16-maxime-monte-sur-la-3eme-marche-du-podium\/\" class=\"aux-read-more\"><span class=\"aux-read-more-text\">Read More<\/span><\/a>\n                                    <\/div>\n                                                                    <\/footer>\n                            \n                            <\/div>\n\n                        <\/article>\n<\/div><\/div>\n        <div class=\"aux-ajax-controller\">\n            <nav class=\"aux-load-more center\">\n              <svg class=\"aux-circle\" width=\"100%\" height=\"100%\" viewBox=\"0 0 102 102\">\n                <circle class=\"aux-progress-bg\" r=\"50\" cx=\"51\" cy=\"51\" fill=\"none\" transform=\"rotate(-90 51 51)\"><\/circle>\n                <circle class=\"aux-progress\" r=\"50\" cx=\"51\" cy=\"51\" fill=\"none\" transform=\"rotate(-90 51 51)\"><\/circle>\n              <\/svg>\n              <div class=\"aux-label-text\">LOAD MORE<\/div>\n              <span class=\"aux-loading-label\">LOADING<\/span>\n            <\/nav>\n        <\/div><\/section><!-- widget-container -->\t\t<\/div>\n\t\t\t\t<\/div>\n\t\t\t\t\t<\/div>\n\t\t<\/div>\n\t\t\t\t\t<\/div>\n\t\t<\/section>\n\t\t\t\t<\/div>\n\t\t","protected":false},"excerpt":{"rendered":"<p>Championnats romands : 2 podiums Samedi 3 et dimanche 4 f\u00e9vrier 2024 Pierre Chauvet s\u2019est class\u00e9 3\u00e8me sur le 15 km en individuel libre. Philippe Nicollier et Antoine Jean le suivent de pr\u00e8s &#8230; Read More Le Fran\u00e7ais Pierre Chauvet s\u2019impose lors de l\u2019Evol\u00e8ne Nordic Trophy 16 janvier 2024 Dans la cat\u00e9gorie reine sur 27km, [&hellip;]<\/p>\n","protected":false},"author":1,"featured_media":0,"parent":0,"menu_order":0,"comment_status":"closed","ping_status":"closed","template":"","meta":{"ngg_post_thumbnail":0,"footnotes":""},"_links":{"self":[{"href":"https:\/\/www.lespionniers.ch\/index.php\/wp-json\/wp\/v2\/pages\/2051"}],"collection":[{"href":"https:\/\/www.lespionniers.ch\/index.php\/wp-json\/wp\/v2\/pages"}],"about":[{"href":"https:\/\/www.lespionniers.ch\/index.php\/wp-json\/wp\/v2\/types\/page"}],"author":[{"embeddable":true,"href":"https:\/\/www.lespionniers.ch\/index.php\/wp-json\/wp\/v2\/users\/1"}],"replies":[{"embeddable":true,"href":"https:\/\/www.lespionniers.ch\/index.php\/wp-json\/wp\/v2\/comments?post=2051"}],"version-history":[{"count":12,"href":"https:\/\/www.lespionniers.ch\/index.php\/wp-json\/wp\/v2\/pages\/2051\/revisions"}],"predecessor-version":[{"id":2064,"href":"https:\/\/www.lespionniers.ch\/index.php\/wp-json\/wp\/v2\/pages\/2051\/revisions\/2064"}],"wp:attachment":[{"href":"https:\/\/www.lespionniers.ch\/index.php\/wp-json\/wp\/v2\/media?parent=2051"}],"curies":[{"name":"wp","href":"https:\/\/api.w.org\/{rel}","templated":true}]}}