{"id":42,"date":"2015-09-25T20:04:14","date_gmt":"2015-09-25T20:04:14","guid":{"rendered":"http:\/\/www.lespionniers.ch\/WP\/?page_id=42"},"modified":"2015-10-10T10:04:13","modified_gmt":"2015-10-10T10:04:13","slug":"galeries","status":"publish","type":"page","link":"http:\/\/www.lespionniers.ch\/index.php\/galeries\/","title":{"rendered":"Galeries"},"content":{"rendered":"<h3 class=\"widget-title\">Des galeries seront mises en ligne tout au long de la saison, donc n\u2019h\u00e9sitez pas \u00e0 revenir visiter cette page r\u00e9guli\u00e8rement!<\/h3>\n","protected":false},"excerpt":{"rendered":"<p>Des galeries seront mises en ligne tout au long de la saison, donc n\u2019h\u00e9sitez pas \u00e0 revenir visiter cette page r\u00e9guli\u00e8rement!<\/p>\n","protected":false},"author":1,"featured_media":0,"parent":0,"menu_order":0,"comment_status":"closed","ping_status":"closed","template":"","meta":{"ngg_post_thumbnail":0,"footnotes":""},"_links":{"self":[{"href":"http:\/\/www.lespionniers.ch\/index.php\/wp-json\/wp\/v2\/pages\/42"}],"collection":[{"href":"http:\/\/www.lespionniers.ch\/index.php\/wp-json\/wp\/v2\/pages"}],"about":[{"href":"http:\/\/www.lespionniers.ch\/index.php\/wp-json\/wp\/v2\/types\/page"}],"author":[{"embeddable":true,"href":"http:\/\/www.lespionniers.ch\/index.php\/wp-json\/wp\/v2\/users\/1"}],"replies":[{"embeddable":true,"href":"http:\/\/www.lespionniers.ch\/index.php\/wp-json\/wp\/v2\/comments?post=42"}],"version-history":[{"count":2,"href":"http:\/\/www.lespionniers.ch\/index.php\/wp-json\/wp\/v2\/pages\/42\/revisions"}],"predecessor-version":[{"id":117,"href":"http:\/\/www.lespionniers.ch\/index.php\/wp-json\/wp\/v2\/pages\/42\/revisions\/117"}],"wp:attachment":[{"href":"http:\/\/www.lespionniers.ch\/index.php\/wp-json\/wp\/v2\/media?parent=42"}],"curies":[{"name":"wp","href":"https:\/\/api.w.org\/{rel}","templated":true}]}}