{"id":25,"date":"2015-09-25T19:57:56","date_gmt":"2015-09-25T19:57:56","guid":{"rendered":"http:\/\/www.lespionniers.ch\/WP\/?page_id=25"},"modified":"2022-01-08T09:17:52","modified_gmt":"2022-01-08T09:17:52","slug":"les-hauderes-nordic-night","status":"publish","type":"page","link":"http:\/\/www.lespionniers.ch\/index.php\/les-hauderes-nordic-night\/","title":{"rendered":"Les Haud\u00e8res Nordic Night"},"content":{"rendered":"[vc_row][vc_column][vc_single_image image=&#8221;282&#8243; img_size=&#8221;full&#8221;][\/vc_column][\/vc_row][vc_row][vc_column width=&#8221;1\/2&#8243;]<section class=\"widget-container aux-widget-text aux-parent-aue5d91f74\">        <div class=\"aux-widget-advanced-text aux-wrap-style-simple aux-ico-pos-top aux-text-left aux-text-resp-left aux-text-color-dark aux-text-widget-bg-center  \" >\n        \n            \n            <div class=\"aux-text-inner aux-text-widget-content\">\n                                <h4 class=\"col-title\">La course d\u00e9jant\u00e9e avec d\u00e9guisement (et skis de fond)<\/h4>\n                                <div class=\"widget-content\">\n                                        La 14\u00e8me \u00e9dition de la Nordic Night aura lieu le samedi 19 f\u00e9vrier 2022 aux Haud\u00e8res.<\/p>\n<p>Toutes les infos sont disponibles dans <strong><a href=\"http:\/\/www.lespionniers.ch\/wp-content\/uploads\/2021\/12\/Evolene-nordic-night-22.pdf\" target=\"_blank\" rel=\"noopener\">ce flyer<\/a> <\/strong>!<\/p>\n<p>Comme d\u2019habitude, il s\u2019agit d\u2019une course par \u00e9quipe de deux en style libre. La course donnera lieu \u00e0 un classement unique. La seule condition pour participer \u00e0 la course est de se d\u00e9guiser!<\/p>\n<p>En raison du covid, il n\u2019y aura pas de pasta party mise en place par les organisateurs. Par contre les inscriptions \u00e0 la course seront gratuite.<\/p>\n<p>Les inscriptions se feront sur place le jour de la course!                <\/div>\n                            <\/div>\n        <\/div>\n                    <div class=\"aux-text-widget-footer\">\n                <div class=\"aux-border-shape-none \">\n                                <\/div>\n            <\/div>\n        \n<\/section><!-- widget-container -->[\/vc_column][vc_column width=&#8221;1\/2&#8243;][vc_single_image image=&#8221;1945&#8243; img_size=&#8221;full&#8221; onclick=&#8221;custom_link&#8221; link=&#8221;http:\/\/www.lespionniers.ch\/wp-content\/uploads\/2021\/12\/Evolene-nordic-night-22.pdf&#8221;][\/vc_column][\/vc_row]\n","protected":false},"excerpt":{"rendered":"<p>[vc_row][vc_column][vc_single_image image=&#8221;282&#8243; img_size=&#8221;full&#8221;][\/vc_column][\/vc_row][vc_row][vc_column width=&#8221;1\/2&#8243;][\/vc_column][vc_column width=&#8221;1\/2&#8243;][vc_single_image image=&#8221;1945&#8243; img_size=&#8221;full&#8221; onclick=&#8221;custom_link&#8221; link=&#8221;http:\/\/www.lespionniers.ch\/wp-content\/uploads\/2021\/12\/Evolene-nordic-night-22.pdf&#8221;][\/vc_column][\/vc_row]<\/p>\n","protected":false},"author":1,"featured_media":0,"parent":0,"menu_order":0,"comment_status":"closed","ping_status":"closed","template":"","meta":{"ngg_post_thumbnail":0,"footnotes":""},"_links":{"self":[{"href":"http:\/\/www.lespionniers.ch\/index.php\/wp-json\/wp\/v2\/pages\/25"}],"collection":[{"href":"http:\/\/www.lespionniers.ch\/index.php\/wp-json\/wp\/v2\/pages"}],"about":[{"href":"http:\/\/www.lespionniers.ch\/index.php\/wp-json\/wp\/v2\/types\/page"}],"author":[{"embeddable":true,"href":"http:\/\/www.lespionniers.ch\/index.php\/wp-json\/wp\/v2\/users\/1"}],"replies":[{"embeddable":true,"href":"http:\/\/www.lespionniers.ch\/index.php\/wp-json\/wp\/v2\/comments?post=25"}],"version-history":[{"count":39,"href":"http:\/\/www.lespionniers.ch\/index.php\/wp-json\/wp\/v2\/pages\/25\/revisions"}],"predecessor-version":[{"id":1948,"href":"http:\/\/www.lespionniers.ch\/index.php\/wp-json\/wp\/v2\/pages\/25\/revisions\/1948"}],"wp:attachment":[{"href":"http:\/\/www.lespionniers.ch\/index.php\/wp-json\/wp\/v2\/media?parent=25"}],"curies":[{"name":"wp","href":"https:\/\/api.w.org\/{rel}","templated":true}]}}