{"id":21,"date":"2015-09-25T19:57:21","date_gmt":"2015-09-25T19:57:21","guid":{"rendered":"http:\/\/www.lespionniers.ch\/WP\/?page_id=21"},"modified":"2021-10-31T15:22:45","modified_gmt":"2021-10-31T15:22:45","slug":"sorties-du-club","status":"publish","type":"page","link":"http:\/\/www.lespionniers.ch\/index.php\/sorties-du-club\/","title":{"rendered":"Sorties du Club"},"content":{"rendered":"[vc_row][vc_column][vc_single_image image=&#8221;1783&#8243;][vc_column_text]<strong>Sortie famille:<\/strong><\/p>\n<p>Le club sportif Les Pionniers va organiser durant cet hiver une sortie du club \u00e0 mi-janvier. La date est encore \u00e0 confirmer!<\/p>\n<p>La destination de cette sortie \u00e0 ski de fond est encore \u00e0 d\u00e9finir.<\/p>\n<p><strong>Course longue distance:<\/strong><\/p>\n<p>Cette ann\u00e9e Les Pionniers vont \u00e0 nouveau participer \u00e0 une course longue distance. La course est encore \u00e0 d\u00e9finir, mais on choisira une manifestation qui offre diff\u00e9rentes option, pour que les skieurs moins entra\u00een\u00e9s puissent aussi participer!<\/p>\n<p>Au plaisir de vous retrouver nombreux lors de ces deux sorties!<\/p>\n<p>&nbsp;[\/vc_column_text][\/vc_column][\/vc_row]\n","protected":false},"excerpt":{"rendered":"<p>[vc_row][vc_column][vc_single_image image=&#8221;1783&#8243;][vc_column_text]Sortie famille: Le club sportif Les Pionniers va organiser durant cet hiver une sortie du club \u00e0 mi-janvier. La date est encore \u00e0 confirmer! La destination de cette sortie \u00e0 ski de fond est encore \u00e0 d\u00e9finir. Course longue distance: Cette ann\u00e9e Les Pionniers vont \u00e0 nouveau participer \u00e0 une course longue distance. La [&hellip;]<\/p>\n","protected":false},"author":1,"featured_media":0,"parent":0,"menu_order":0,"comment_status":"closed","ping_status":"closed","template":"","meta":{"ngg_post_thumbnail":0,"footnotes":""},"_links":{"self":[{"href":"http:\/\/www.lespionniers.ch\/index.php\/wp-json\/wp\/v2\/pages\/21"}],"collection":[{"href":"http:\/\/www.lespionniers.ch\/index.php\/wp-json\/wp\/v2\/pages"}],"about":[{"href":"http:\/\/www.lespionniers.ch\/index.php\/wp-json\/wp\/v2\/types\/page"}],"author":[{"embeddable":true,"href":"http:\/\/www.lespionniers.ch\/index.php\/wp-json\/wp\/v2\/users\/1"}],"replies":[{"embeddable":true,"href":"http:\/\/www.lespionniers.ch\/index.php\/wp-json\/wp\/v2\/comments?post=21"}],"version-history":[{"count":6,"href":"http:\/\/www.lespionniers.ch\/index.php\/wp-json\/wp\/v2\/pages\/21\/revisions"}],"predecessor-version":[{"id":1874,"href":"http:\/\/www.lespionniers.ch\/index.php\/wp-json\/wp\/v2\/pages\/21\/revisions\/1874"}],"wp:attachment":[{"href":"http:\/\/www.lespionniers.ch\/index.php\/wp-json\/wp\/v2\/media?parent=21"}],"curies":[{"name":"wp","href":"https:\/\/api.w.org\/{rel}","templated":true}]}}