{"id":11,"date":"2015-09-25T19:55:05","date_gmt":"2015-09-25T19:55:05","guid":{"rendered":"http:\/\/www.lespionniers.ch\/WP\/?page_id=11"},"modified":"2021-10-31T16:54:46","modified_gmt":"2021-10-31T16:54:46","slug":"entraineurs","status":"publish","type":"page","link":"http:\/\/www.lespionniers.ch\/index.php\/entraineurs\/","title":{"rendered":"Entrainements"},"content":{"rendered":"[vc_row][vc_column]<section class=\"widget-container aux-widget-image aux-alignnone aux-parent-aubee62dcf\">\n    <div class=\"aux-media-hint-frame \">\n        <div class=\"aux-media-image \" >\n        \n            \n\n                            <div class='aux-hover-scale-circle-plus'>\n                    <span class='aux-symbol-plus'><\/span>\n                    <span class='aux-symbol-circle'><\/span>\n                <\/div>\n            \n            <img decoding=\"async\" src=\"http:\/\/www.lespionniers.ch\/wp-content\/uploads\/2015\/11\/DSC_3591-768x768.jpg\" alt=\"DSC_3591\" \/>            \n                <\/div>\n    <\/div>\n\n<\/section><!-- widget-container -->[\/vc_column][\/vc_row][vc_row][vc_column]<section class=\"widget-container aux-widget-text aux-parent-audde151f8\">        <div class=\"aux-widget-advanced-text aux-wrap-style-simple aux-ico-pos-top aux-text-left aux-text-resp-left aux-text-color-dark aux-text-widget-bg-center  \" >\n        \n            \n            <div class=\"aux-text-inner aux-text-widget-content\">\n                                <h4 class=\"col-title\">Notre structure<\/h4>\n                                <div class=\"widget-content\">\n                                        Des entra\u00eenements sont organis\u00e9s toute l\u2019ann\u00e9e pour des jeunes motiv\u00e9s \u00e0 pratiquer le ski de fond. Ils sont encadr\u00e9s par des moniteurs Jeunesse & Sports ski de fond.<\/p>\n<p>\u00a0<\/p>\n<p>Les jeunes peuvent s\u2019entra\u00eener\u00a0:<\/p>\n<p>\u00a0<\/p>\n<ol>\n<li><u>Les mercredis apr\u00e8s-midi (13h45 \u00e0 15h15)<\/u> : ces entra\u00eenements sont destin\u00e9s \u00e0 des jeunes souhaitant faire du ski de fond <strong>toute l\u2019ann\u00e9e<\/strong>. Ils se d\u00e9roulent en plaine d\u2019ao\u00fbt aux premi\u00e8res neiges, puis sur neige principalement \u00e0 Evol\u00e8ne. Cela d\u00e9pend des conditions d\u2019enneigement. Hors neige, les jeunes s\u2019entra\u00eenent avec des skis \u00e0 roulettes dans les styles classique et skating.<\/li>\n<\/ol>\n<p>\u00a0<\/p>\n<ol>\n<li><u>Les samedis matin (10h \u00e0 12h) <\/u>: ces entra\u00eenements ont lieu \u00e0 Evol\u00e8ne <strong>uniquement sur neige<\/strong>. Ils d\u00e9butent g\u00e9n\u00e9ralement en d\u00e9cembre pour se terminer fin mars. Tout d\u00e9pend des conditions d\u2019enneigement. Les jeunes pratiquent aussi bien le style classique que skating.<\/li>\n<\/ol>\n                <\/div>\n                            <\/div>\n        <\/div>\n                    <div class=\"aux-text-widget-footer\">\n                <div class=\"aux-border-shape-none \">\n                                <\/div>\n            <\/div>\n        \n<\/section><!-- widget-container --><section class=\"widget-container aux-widget-text aux-parent-aud3125e5e\">        <div class=\"aux-widget-advanced-text aux-wrap-style-simple aux-ico-pos-top aux-text-left aux-text-resp-left aux-text-color-dark aux-text-widget-bg-center aux-text-no-content \" >\n        \n            \n            <div class=\"aux-text-inner aux-text-widget-content\">\n                                <h4 class=\"col-title\">Nos entra\u00eeneurs<\/h4>\n                            <\/div>\n        <\/div>\n                    <div class=\"aux-text-widget-footer\">\n                <div class=\"aux-border-shape-none \">\n                                <\/div>\n            <\/div>\n        \n<\/section><!-- widget-container -->[\/vc_column][\/vc_row][vc_row][vc_column width=&#8221;1\/4&#8243;]<section class=\"aux-wrap-style-simple widget-container aux-widget-staff aux-parent-au0846e62f\">    <div class=\"aux-staff-container aux-staff-pos-top aux-staff-text-left aux-staff-text-dark \" >\n            <div class=\"aux-staff-content\">\n                        <h4 class=\"col-title\">Julien Duc<\/h4>\n                        <h5 class=\"col-subtitle\">Entraineur J&amp;S \/ Chef Technique<\/h5>\n                    <\/div>\n\n    <\/div>\n\n\n<\/section><!-- widget-container -->[\/vc_column][vc_column width=&#8221;1\/4&#8243;]<section class=\"aux-wrap-style-simple widget-container aux-widget-staff aux-parent-aue0c26891\">    <div class=\"aux-staff-container aux-staff-pos-top aux-staff-text-left aux-staff-text-dark \" >\n            <div class=\"aux-staff-content\">\n                        <h4 class=\"col-title\">David Moix<\/h4>\n                        <h5 class=\"col-subtitle\">Entraineur J&amp;S<\/h5>\n                    <\/div>\n\n    <\/div>\n\n\n<\/section><!-- widget-container -->[\/vc_column][vc_column width=&#8221;1\/4&#8243;]<section class=\"aux-wrap-style-simple widget-container aux-widget-staff aux-parent-au0cb918e5\">    <div class=\"aux-staff-container aux-staff-pos-top aux-staff-text-left aux-staff-text-dark \" >\n            <div class=\"aux-staff-content\">\n                        <h4 class=\"col-title\">Carine Jacquemettaz<\/h4>\n                        <h5 class=\"col-subtitle\">Entraineur J&amp;S<\/h5>\n                    <\/div>\n\n    <\/div>\n\n\n<\/section><!-- widget-container -->[\/vc_column][vc_column width=&#8221;1\/4&#8243;]<section class=\"aux-wrap-style-simple widget-container aux-widget-staff aux-parent-au7d49c470\">    <div class=\"aux-staff-container aux-staff-pos-top aux-staff-text-left aux-staff-text-dark \" >\n            <div class=\"aux-staff-content\">\n                        <h4 class=\"col-title\">Dominique Monnet<\/h4>\n                        <h5 class=\"col-subtitle\">Entraineur J&amp;S<\/h5>\n                    <\/div>\n\n    <\/div>\n\n\n<\/section><!-- widget-container -->[\/vc_column][\/vc_row][vc_row][vc_column width=&#8221;1\/3&#8243;]<section class=\"aux-wrap-style-simple widget-container aux-widget-staff aux-parent-au1a35243f\">    <div class=\"aux-staff-container aux-staff-pos-top aux-staff-text-left aux-staff-text-dark \" >\n            <div class=\"aux-staff-header aux-staff-img-round-rect\">\n            <div class=\"aux-media-image\"><img decoding=\"async\" width=\"100\" height=\"150\" src=\"http:\/\/www.lespionniers.ch\/wp-content\/uploads\/2015\/09\/jeannoel.jpg\" alt=\"jeannoel\" data-ratio=\"0.67\" data-original-w=\"100\" \/><\/div>        <\/div>\n            <div class=\"aux-staff-content\">\n                        <h4 class=\"col-title\">Jean-No\u00ebl Gaspoz<\/h4>\n                        <h5 class=\"col-subtitle\">Entraineur J&amp;S<\/h5>\n                    <\/div>\n\n    <\/div>\n\n\n<\/section><!-- widget-container -->[\/vc_column][vc_column width=&#8221;1\/3&#8243;]<section class=\"aux-wrap-style-simple widget-container aux-widget-staff aux-parent-au78c54698\">    <div class=\"aux-staff-container aux-staff-pos-top aux-staff-text-left aux-staff-text-dark \" >\n            <div class=\"aux-staff-header aux-staff-img-round-rect\">\n            <div class=\"aux-media-image\"><img decoding=\"async\" width=\"100\" height=\"150\" src=\"http:\/\/www.lespionniers.ch\/wp-content\/uploads\/2015\/09\/florian.jpg\" alt=\"florian\" data-ratio=\"0.67\" data-original-w=\"100\" \/><\/div>        <\/div>\n            <div class=\"aux-staff-content\">\n                        <h4 class=\"col-title\">Florian Chevrier<\/h4>\n                        <h5 class=\"col-subtitle\">Entraineur J&amp;S<\/h5>\n                    <\/div>\n\n    <\/div>\n\n\n<\/section><!-- widget-container -->[\/vc_column][vc_column width=&#8221;1\/3&#8243;]<section class=\"aux-wrap-style-simple widget-container aux-widget-staff aux-parent-auca639045\">    <div class=\"aux-staff-container aux-staff-pos-top aux-staff-text-left aux-staff-text-dark \" >\n            <div class=\"aux-staff-content\">\n                        <h4 class=\"col-title\">B\u00e9r\u00e9nice Georges<\/h4>\n                        <h5 class=\"col-subtitle\">Entraineur J&amp;S<\/h5>\n                    <\/div>\n\n    <\/div>\n\n\n<\/section><!-- widget-container -->[\/vc_column][\/vc_row]\n","protected":false},"excerpt":{"rendered":"<p>[vc_row][vc_column][\/vc_column][\/vc_row][vc_row][vc_column][\/vc_column][\/vc_row][vc_row][vc_column width=&#8221;1\/4&#8243;][\/vc_column][vc_column width=&#8221;1\/4&#8243;][\/vc_column][vc_column width=&#8221;1\/4&#8243;][\/vc_column][vc_column width=&#8221;1\/4&#8243;][\/vc_column][\/vc_row][vc_row][vc_column width=&#8221;1\/3&#8243;][\/vc_column][vc_column width=&#8221;1\/3&#8243;][\/vc_column][vc_column width=&#8221;1\/3&#8243;][\/vc_column][\/vc_row]<\/p>\n","protected":false},"author":1,"featured_media":0,"parent":0,"menu_order":0,"comment_status":"closed","ping_status":"closed","template":"","meta":{"ngg_post_thumbnail":0,"footnotes":""},"_links":{"self":[{"href":"http:\/\/www.lespionniers.ch\/index.php\/wp-json\/wp\/v2\/pages\/11"}],"collection":[{"href":"http:\/\/www.lespionniers.ch\/index.php\/wp-json\/wp\/v2\/pages"}],"about":[{"href":"http:\/\/www.lespionniers.ch\/index.php\/wp-json\/wp\/v2\/types\/page"}],"author":[{"embeddable":true,"href":"http:\/\/www.lespionniers.ch\/index.php\/wp-json\/wp\/v2\/users\/1"}],"replies":[{"embeddable":true,"href":"http:\/\/www.lespionniers.ch\/index.php\/wp-json\/wp\/v2\/comments?post=11"}],"version-history":[{"count":13,"href":"http:\/\/www.lespionniers.ch\/index.php\/wp-json\/wp\/v2\/pages\/11\/revisions"}],"predecessor-version":[{"id":1893,"href":"http:\/\/www.lespionniers.ch\/index.php\/wp-json\/wp\/v2\/pages\/11\/revisions\/1893"}],"wp:attachment":[{"href":"http:\/\/www.lespionniers.ch\/index.php\/wp-json\/wp\/v2\/media?parent=11"}],"curies":[{"name":"wp","href":"https:\/\/api.w.org\/{rel}","templated":true}]}}